{"id":12,"date":"2015-11-09T16:47:02","date_gmt":"2015-11-09T16:47:02","guid":{"rendered":"http:\/\/ventanasypergolasdepvc.com.mx\/e\/?page_id=12"},"modified":"2016-06-24T22:14:00","modified_gmt":"2016-06-24T22:14:00","slug":"inicio","status":"publish","type":"page","link":"https:\/\/ventanasypergolasdepvc.com.mx\/e\/","title":{"rendered":"Inicio"},"content":{"rendered":"<div id='full_slider_1' class='avia-fullwidth-slider main_color avia-shadow   avia-builder-el-0  el_before_av_section  avia-builder-el-first  container_wrap sidebar_right' style=' '  ><div  data-size='no scaling'  data-lightbox_size='large'  data-animation='fade'  data-conditional_play=''  data-ids='14,15,16'  data-video_counter='0'  data-autoplay='true'  data-bg_slider='false'  data-slide_height=''  data-handle='av_slideshow_full'  data-interval='5'  data-class=' '  data-css_id=''  data-scroll_down=''  data-control_layout='av-control-default'  data-custom_markup=''  data-perma_caption=''  data-autoplay_stopper=''  data-image_attachment=''  data-min_height='0px'  data-src=''  data-position='top left'  data-repeat='no-repeat'  data-attach='scroll'  data-stretch=''  class='avia-slideshow avia-slideshow-1  av-control-default av-default-height-applied avia-slideshow-no scaling av_slideshow_full   avia-fade-slider '  itemprop=\"ImageObject\" itemscope=\"itemscope\" itemtype=\"https:\/\/schema.org\/ImageObject\" ><ul class='avia-slideshow-inner ' style='padding-bottom: 28.125%;' ><li  class=' slide-1 ' ><div data-rel='slideshow-1' class='avia-slide-wrap '   ><div class = \"caption_fullwidth av-slideshow-caption caption_left caption_left_framed caption_framed\"><div class = \"container caption_container\"><div class = \"slideshow_caption\"><div class = \"slideshow_inner_caption\"><div class = \"slideshow_align_caption\"><h2  style='font-size:28px; color:#ffffff; ' class='avia-caption-title '  itemprop=\"name\" >Ventanas Alemanas<\/h2><div class='avia-caption-content  av_inherit_color'  itemprop=\"description\"   style='font-size:24px; color:#ffffff; '><p>con el Sistema T\u00e9rmico Ac\u00fastico<\/p>\n<\/div><a href='https:\/\/ventanasypergolasdepvc.com.mx\/e\/ventanas-de-pvc\/'  class='avia-slideshow-button avia-button avia-color-black ' data-duration='800' data-easing='easeInOutQuad'>Ver m\u00e1s...<\/a><\/div><\/div><\/div><\/div><\/div><img src='https:\/\/ventanasypergolasdepvc.com.mx\/e\/wp-content\/uploads\/2015\/12\/s1.jpg' width='1920' height='540' title='s1' alt=''  itemprop=\"thumbnailUrl\"   \/><\/div><\/li><li  class=' slide-2 ' ><div data-rel='slideshow-1' class='avia-slide-wrap '   ><div class = \"caption_fullwidth av-slideshow-caption caption_left caption_left_framed caption_framed\"><div class = \"container caption_container\"><div class = \"slideshow_caption\"><div class = \"slideshow_inner_caption\"><div class = \"slideshow_align_caption\"><h2  style='font-size:28px; color:#ffffff; ' class='avia-caption-title '  itemprop=\"name\" >P\u00c9RGOLAS<\/h2><div class='avia-caption-content  av_inherit_color'  itemprop=\"description\"   style='font-size:24px; color:#ffffff; '><p>Est\u00e9tica, usabilidad y durabilidad garantizadas<\/p>\n<\/div><a href='https:\/\/ventanasypergolasdepvc.com.mx\/e\/pergolas-de-pvc\/'  class='avia-slideshow-button avia-button avia-color-black ' data-duration='800' data-easing='easeInOutQuad'>Ver m\u00e1s...<\/a><\/div><\/div><\/div><\/div><\/div><img src='https:\/\/ventanasypergolasdepvc.com.mx\/e\/wp-content\/uploads\/2015\/12\/s2.jpg' width='1920' height='540' title='s2' alt=''  itemprop=\"thumbnailUrl\"   \/><\/div><\/li><li  class=' slide-3 ' ><div data-rel='slideshow-1' class='avia-slide-wrap '   ><div class = \"caption_fullwidth av-slideshow-caption caption_left caption_left_framed caption_framed\"><div class = \"container caption_container\"><div class = \"slideshow_caption\"><div class = \"slideshow_inner_caption\"><div class = \"slideshow_align_caption\"><h2  style='font-size:28px; color:#ffffff; ' class='avia-caption-title '  itemprop=\"name\" >INGENIER\u00cdA DE ALTA CALIDAD<\/h2><div class='avia-caption-content  av_inherit_color'  itemprop=\"description\"   style='font-size:24px; color:#ffffff; '><p>para aplicaciones arquitect\u00f3nicas<\/p>\n<\/div><a href='https:\/\/ventanasypergolasdepvc.com.mx\/e\/quienes-somos\/'  class='avia-slideshow-button avia-button avia-color-black ' data-duration='800' data-easing='easeInOutQuad'>Ver m\u00e1s...<\/a><\/div><\/div><\/div><\/div><\/div><img src='https:\/\/ventanasypergolasdepvc.com.mx\/e\/wp-content\/uploads\/2015\/12\/s3.jpg' width='1920' height='540' title='s3' alt=''  itemprop=\"thumbnailUrl\"   \/><\/div><\/li><\/ul><div class='avia-slideshow-arrows avia-slideshow-controls'><a href='#prev' class='prev-slide' aria-hidden='true' data-av_icon='\ue87c' data-av_iconfont='entypo-fontello'>Anterior<\/a><a href='#next' class='next-slide' aria-hidden='true' data-av_icon='\ue87d' data-av_iconfont='entypo-fontello'>Posterior<\/a><\/div><div class='avia-slideshow-dots avia-slideshow-controls'><a href='#1' class='goto-slide active' >1<\/a><a href='#2' class='goto-slide ' >2<\/a><a href='#3' class='goto-slide ' >3<\/a><\/div><\/div><\/div>\n<div id='av_section_1' class='avia-section main_color avia-section-default avia-no-shadow avia-bg-style-scroll  avia-builder-el-1  el_after_av_slideshow_full  avia-builder-el-last   container_wrap sidebar_right' style='background-repeat: no-repeat; background-image: url(https:\/\/ventanasypergolasdepvc.com.mx\/e\/wp-content\/uploads\/2015\/12\/bg-body.jpg);background-attachment: scroll; background-position: top center;  '  data-section-bg-repeat='no-repeat'><div class='container' ><div class='template-page content  av-content-small alpha units'><div class='post-entry post-entry-type-page post-entry-12'><div class='entry-content-wrapper clearfix'>\n<div class=\"flex_column av_three_fourth  flex_column_div av-zero-column-padding first  avia-builder-el-2  el_before_av_one_fourth  avia-builder-el-first  \" style='border-radius:0px; '><p><div style='height:25px' class='hr hr-invisible   avia-builder-el-3  el_before_av_textblock  avia-builder-el-first '><span class='hr-inner ' ><span class='hr-inner-style'><\/span><\/span><\/div><br \/>\n<section class=\"av_textblock_section \"  itemscope=\"itemscope\" itemtype=\"https:\/\/schema.org\/CreativeWork\" ><div class='avia_textblock  '   itemprop=\"text\" ><h1><img loading=\"lazy\" class=\"alignleft size-full wp-image-37\" style=\"margin-right: 25px; margin-left: 25px;\" src=\"http:\/\/ventanasypergolasdepvc.com.mx\/e\/wp-content\/uploads\/2015\/12\/home1.png\" alt=\"home1\" width=\"195\" height=\"194\" srcset=\"https:\/\/ventanasypergolasdepvc.com.mx\/e\/wp-content\/uploads\/2015\/12\/home1.png 195w, https:\/\/ventanasypergolasdepvc.com.mx\/e\/wp-content\/uploads\/2015\/12\/home1-80x80.png 80w, https:\/\/ventanasypergolasdepvc.com.mx\/e\/wp-content\/uploads\/2015\/12\/home1-36x36.png 36w, https:\/\/ventanasypergolasdepvc.com.mx\/e\/wp-content\/uploads\/2015\/12\/home1-180x180.png 180w, https:\/\/ventanasypergolasdepvc.com.mx\/e\/wp-content\/uploads\/2015\/12\/home1-120x120.png 120w\" sizes=\"(max-width: 195px) 100vw, 195px\" \/><span style=\"color: #000000;\">BIENVENIDOS<\/span><\/h1>\n<h3><span style=\"color: #000000;\">Ventanas de PVC y P\u00e9rgolas de PVC Alemanas, con el Sistema T\u00e9rmico Ac\u00fastico.<\/span><\/h3>\n<p style=\"text-align: justify;\"><span style=\"color: #333333; font-size: 12pt;\">Realizamos y ejecucutamos proyectos de ingenier\u00eda de alta calidad, prestando la atenci\u00f3n necesaria a nuestros clientes, a trav\u00e9s de nuestro personal altamente calificado, en busca del mejor servicio y beneficio para la sociedad en general.<\/span><\/p>\n<p style=\"text-align: justify;\"><span style=\"color: #333333; font-size: 12pt;\">Nuestros productos se distinguen por elegancia, confort, diversidad, tecnolog\u00eda y dise\u00f1o.<\/span><\/p>\n<\/div><\/section><br \/>\n<div style='height:20px' class='hr hr-invisible   avia-builder-el-5  el_after_av_textblock  el_before_av_heading '><span class='hr-inner ' ><span class='hr-inner-style'><\/span><\/span><\/div><br \/>\n<div style='padding-bottom:10px; color:#020202;' class='av-special-heading av-special-heading-h4 custom-color-heading   avia-builder-el-6  el_after_av_hr  el_before_av_textblock   '><h4 class='av-special-heading-tag '  itemprop=\"headline\"  >Ingenier\u00eda de alta calidad para construcciones arquitect\u00f3nicas.<\/h4><div class='special-heading-border'><div class='special-heading-inner-border' style='border-color:#020202'><\/div><\/div><\/div><br \/>\n<section class=\"av_textblock_section \"  itemscope=\"itemscope\" itemtype=\"https:\/\/schema.org\/CreativeWork\" ><div class='avia_textblock  '   itemprop=\"text\" ><table class=\" alignleft\" style=\"background-color: #ffffff; width: 530px;\" border=\"0\" cellspacing=\"20\" cellpadding=\"20\">\n<tbody>\n<tr>\n<td style=\"border-color: #ffffff; background-color: #ffffff; text-align: center; vertical-align: top;\"><a href=\"http:\/\/ventanasypergolasdepvc.com.mx\/e\/ventanas\/\"><img loading=\"lazy\" class=\"aligncenter size-full wp-image-42\" style=\"margin-right: 10px; margin-left: 10px;\" src=\"http:\/\/ventanasypergolasdepvc.com.mx\/e\/wp-content\/uploads\/2015\/12\/ventanas.png\" alt=\"ventanas\" width=\"264\" height=\"264\" srcset=\"https:\/\/ventanasypergolasdepvc.com.mx\/e\/wp-content\/uploads\/2015\/12\/ventanas.png 264w, https:\/\/ventanasypergolasdepvc.com.mx\/e\/wp-content\/uploads\/2015\/12\/ventanas-80x80.png 80w, https:\/\/ventanasypergolasdepvc.com.mx\/e\/wp-content\/uploads\/2015\/12\/ventanas-36x36.png 36w, https:\/\/ventanasypergolasdepvc.com.mx\/e\/wp-content\/uploads\/2015\/12\/ventanas-180x180.png 180w, https:\/\/ventanasypergolasdepvc.com.mx\/e\/wp-content\/uploads\/2015\/12\/ventanas-120x120.png 120w\" sizes=\"(max-width: 264px) 100vw, 264px\" \/><\/a><\/td>\n<td style=\"border-color: #ffffff; background-color: #ffffff; text-align: center; vertical-align: top;\"><a href=\"http:\/\/ventanasypergolasdepvc.com.mx\/e\/pergolas\/\"><img loading=\"lazy\" class=\"aligncenter size-full wp-image-38\" style=\"margin-right: 10px; margin-left: 10px;\" src=\"http:\/\/ventanasypergolasdepvc.com.mx\/e\/wp-content\/uploads\/2015\/12\/pergolas.png\" alt=\"pergolas\" width=\"264\" height=\"264\" srcset=\"https:\/\/ventanasypergolasdepvc.com.mx\/e\/wp-content\/uploads\/2015\/12\/pergolas.png 264w, https:\/\/ventanasypergolasdepvc.com.mx\/e\/wp-content\/uploads\/2015\/12\/pergolas-80x80.png 80w, https:\/\/ventanasypergolasdepvc.com.mx\/e\/wp-content\/uploads\/2015\/12\/pergolas-36x36.png 36w, https:\/\/ventanasypergolasdepvc.com.mx\/e\/wp-content\/uploads\/2015\/12\/pergolas-180x180.png 180w, https:\/\/ventanasypergolasdepvc.com.mx\/e\/wp-content\/uploads\/2015\/12\/pergolas-120x120.png 120w\" sizes=\"(max-width: 264px) 100vw, 264px\" \/><\/a><\/td>\n<\/tr>\n<\/tbody>\n<\/table>\n<\/div><\/section><\/p><\/div><div class=\"flex_column av_one_fourth  flex_column_div av-zero-column-padding   avia-builder-el-8  el_after_av_three_fourth  avia-builder-el-last  \" style='border-radius:0px; '><section class=\"av_textblock_section \"  itemscope=\"itemscope\" itemtype=\"https:\/\/schema.org\/CreativeWork\" ><div class='avia_textblock  '   itemprop=\"text\" ><hr \/>\n<p style=\"text-align: right;\">\u00a0<a href=\"#\"><img loading=\"lazy\" class=\"alignnone size-full wp-image-147\" style=\"border-width: 0px; margin: 0px;\" src=\"http:\/\/ventanasypergolasdepvc.com.mx\/e\/wp-content\/uploads\/2015\/11\/fb.png\" alt=\"fb\" width=\"41\" height=\"41\" srcset=\"https:\/\/ventanasypergolasdepvc.com.mx\/e\/wp-content\/uploads\/2015\/11\/fb.png 41w, https:\/\/ventanasypergolasdepvc.com.mx\/e\/wp-content\/uploads\/2015\/11\/fb-36x36.png 36w\" sizes=\"(max-width: 41px) 100vw, 41px\" \/><\/a><a href=\"#\"><img loading=\"lazy\" class=\"size-full wp-image-148 alignnone\" style=\"border-width: 0px; margin: 0px;\" src=\"http:\/\/ventanasypergolasdepvc.com.mx\/e\/wp-content\/uploads\/2015\/11\/tw.png\" alt=\"tw\" width=\"40\" height=\"41\" srcset=\"https:\/\/ventanasypergolasdepvc.com.mx\/e\/wp-content\/uploads\/2015\/11\/tw.png 40w, https:\/\/ventanasypergolasdepvc.com.mx\/e\/wp-content\/uploads\/2015\/11\/tw-36x36.png 36w\" sizes=\"(max-width: 40px) 100vw, 40px\" \/><\/a><\/p>\n<\/div><\/section><br \/>\n<div style='padding-bottom:10px; color:#333333;' class='av-special-heading av-special-heading-h5 custom-color-heading   avia-builder-el-10  el_after_av_textblock  el_before_av_image   '><h5 class='av-special-heading-tag '  itemprop=\"headline\"  >QUI\u00c9NES SOMOS<\/h5><div class='special-heading-border'><div class='special-heading-inner-border' style='border-color:#333333'><\/div><\/div><\/div><br \/>\n<div class='avia-image-container  av-styling-no-styling  noHover  av-overlay-on-hover   avia-builder-el-11  el_after_av_heading  el_before_av_hr  avia-align-left '  itemprop=\"ImageObject\" itemscope=\"itemscope\" itemtype=\"https:\/\/schema.org\/ImageObject\"  ><div class='avia-image-container-inner'><div class='avia-image-overlay-wrap'><a href='https:\/\/ventanasypergolasdepvc.com.mx\/e\/quienes-somos\/' class='avia_image'  ><div class='av-image-caption-overlay'><div class='av-caption-image-overlay-bg' style='opacity:0.4; background-color:#000000; '><\/div><div class='av-image-caption-overlay-position'><div class='av-image-caption-overlay-center' style='color:#ffffff; '><p>Ver m\u00e1s<\/p>\n<\/div><\/div><\/div><img class='avia_image ' src='https:\/\/ventanasypergolasdepvc.com.mx\/e\/wp-content\/uploads\/2015\/12\/qs.png' alt='' title='Qui\u00e9nes Somos'  itemprop=\"thumbnailUrl\"  \/><\/a><\/div><\/div><\/div><br \/>\n<div style='height:5px' class='hr hr-invisible   avia-builder-el-12  el_after_av_image  el_before_av_heading '><span class='hr-inner ' ><span class='hr-inner-style'><\/span><\/span><\/div><br \/>\n<div style='padding-bottom:10px; color:#333333;' class='av-special-heading av-special-heading-h5 custom-color-heading   avia-builder-el-13  el_after_av_hr  el_before_av_image   '><h5 class='av-special-heading-tag '  itemprop=\"headline\"  >PRESENTACI\u00d3N<\/h5><div class='special-heading-border'><div class='special-heading-inner-border' style='border-color:#333333'><\/div><\/div><\/div><br \/>\n<div class='avia-image-container  av-styling-no-styling  noHover  av-overlay-on-hover   avia-builder-el-14  el_after_av_heading  el_before_av_hr  avia-align-left '  itemprop=\"ImageObject\" itemscope=\"itemscope\" itemtype=\"https:\/\/schema.org\/ImageObject\"  ><div class='avia-image-container-inner'><div class='avia-image-overlay-wrap'><a href='http:\/\/ventanasypergolasdepvc.com.mx\/e\/wp-content\/uploads\/2015\/12\/fensell-presentacion.pptx' class='avia_image'   target=\"_blank\" ><div class='av-image-caption-overlay'><div class='av-caption-image-overlay-bg' style='opacity:0.4; background-color:#000000; '><\/div><div class='av-image-caption-overlay-position'><div class='av-image-caption-overlay-center' style='color:#ffffff; '><p>Descargar<\/p>\n<\/div><\/div><\/div><img class='avia_image ' src='https:\/\/ventanasypergolasdepvc.com.mx\/e\/wp-content\/uploads\/2015\/12\/ppoint.png' alt='' title='Presentaci\u00f3n'  itemprop=\"thumbnailUrl\"  \/><\/a><\/div><\/div><\/div><br \/>\n<div style='height:5px' class='hr hr-invisible   avia-builder-el-15  el_after_av_image  el_before_av_heading '><span class='hr-inner ' ><span class='hr-inner-style'><\/span><\/span><\/div><br \/>\n<div style='padding-bottom:10px; color:#333333;' class='av-special-heading av-special-heading-h5 custom-color-heading   avia-builder-el-16  el_after_av_hr  el_before_av_image   '><h5 class='av-special-heading-tag '  itemprop=\"headline\"  >CONTACTO<\/h5><div class='special-heading-border'><div class='special-heading-inner-border' style='border-color:#333333'><\/div><\/div><\/div><br \/>\n<div class='avia-image-container  av-styling-no-styling  noHover  av-overlay-on-hover   avia-builder-el-17  el_after_av_heading  avia-builder-el-last  avia-align-left '  itemprop=\"ImageObject\" itemscope=\"itemscope\" itemtype=\"https:\/\/schema.org\/ImageObject\"  ><div class='avia-image-container-inner'><div class='avia-image-overlay-wrap'><a href='https:\/\/ventanasypergolasdepvc.com.mx\/e\/contacto\/' class='avia_image'  ><div class='av-image-caption-overlay'><div class='av-caption-image-overlay-bg' style='opacity:0.4; background-color:#000000; '><\/div><div class='av-image-caption-overlay-position'><div class='av-image-caption-overlay-center' style='color:#ffffff; '><p>Contactar<\/p>\n<\/div><\/div><\/div><img class='avia_image ' src='https:\/\/ventanasypergolasdepvc.com.mx\/e\/wp-content\/uploads\/2015\/12\/contacto.png' alt='' title='Contacto'  itemprop=\"thumbnailUrl\"  \/><\/a><\/div><\/div><\/div><\/p><\/div><\/div><\/div><\/div><!-- close content main div --><\/div><\/div><div id='after_section_1' class='main_color av_default_container_wrap container_wrap sidebar_right' style=' '  ><div class='container' ><div class='template-page content  av-content-small alpha units'><div class='post-entry post-entry-type-page post-entry-12'><div class='entry-content-wrapper clearfix'>\n","protected":false},"excerpt":{"rendered":"","protected":false},"author":2,"featured_media":0,"parent":0,"menu_order":1,"comment_status":"closed","ping_status":"closed","template":"","meta":[],"_links":{"self":[{"href":"https:\/\/ventanasypergolasdepvc.com.mx\/e\/wp-json\/wp\/v2\/pages\/12"}],"collection":[{"href":"https:\/\/ventanasypergolasdepvc.com.mx\/e\/wp-json\/wp\/v2\/pages"}],"about":[{"href":"https:\/\/ventanasypergolasdepvc.com.mx\/e\/wp-json\/wp\/v2\/types\/page"}],"author":[{"embeddable":true,"href":"https:\/\/ventanasypergolasdepvc.com.mx\/e\/wp-json\/wp\/v2\/users\/2"}],"replies":[{"embeddable":true,"href":"https:\/\/ventanasypergolasdepvc.com.mx\/e\/wp-json\/wp\/v2\/comments?post=12"}],"version-history":[{"count":34,"href":"https:\/\/ventanasypergolasdepvc.com.mx\/e\/wp-json\/wp\/v2\/pages\/12\/revisions"}],"predecessor-version":[{"id":404,"href":"https:\/\/ventanasypergolasdepvc.com.mx\/e\/wp-json\/wp\/v2\/pages\/12\/revisions\/404"}],"wp:attachment":[{"href":"https:\/\/ventanasypergolasdepvc.com.mx\/e\/wp-json\/wp\/v2\/media?parent=12"}],"curies":[{"name":"wp","href":"https:\/\/api.w.org\/{rel}","templated":true}]}}